{"id":260,"date":"2025-09-18T22:12:12","date_gmt":"2025-09-19T01:12:12","guid":{"rendered":"https:\/\/cbrr.org.br\/?page_id=260"},"modified":"2025-10-14T20:25:15","modified_gmt":"2025-10-14T23:25:15","slug":"missao","status":"publish","type":"page","link":"https:\/\/cbrr.org.br\/en\/missao\/","title":{"rendered":"Mission"},"content":{"rendered":"<div data-elementor-type=\"wp-page\" data-elementor-id=\"260\" class=\"elementor elementor-260\" data-elementor-post-type=\"page\">\n\t\t\t\t<div class=\"elementor-element elementor-element-3e35742a e-con-full e-flex e-con e-parent\" data-id=\"3e35742a\" data-element_type=\"container\" data-e-type=\"container\" data-settings=\"{&quot;background_background&quot;:&quot;classic&quot;}\">\n\t\t\t\t<div class=\"elementor-element elementor-element-2c8c12de elementor-absolute elementor-hidden-tablet elementor-hidden-mobile elementor-widget elementor-widget-image\" data-id=\"2c8c12de\" data-element_type=\"widget\" data-e-type=\"widget\" data-settings=\"{&quot;_position&quot;:&quot;absolute&quot;}\" data-widget_type=\"image.default\">\n\t\t\t\t\t\t\t\t\t\t\t\t\t\t\t<img decoding=\"async\" width=\"132\" height=\"278\" src=\"https:\/\/cbrr.org.br\/wp-content\/uploads\/2025\/09\/pecaFlutuanteAmarela4Dot.png\" class=\"attachment-large size-large wp-image-288\" alt=\"\" \/>\t\t\t\t\t\t\t\t\t\t\t\t\t\t\t<\/div>\n\t\t\t\t<\/div>\n\t\t<div class=\"elementor-element elementor-element-1c102c8 e-flex e-con-boxed e-con e-parent\" data-id=\"1c102c8\" data-element_type=\"container\" data-e-type=\"container\">\n\t\t\t\t\t<div class=\"e-con-inner\">\n\t\t<div class=\"elementor-element elementor-element-e22de66 e-con-full e-flex e-con e-child\" data-id=\"e22de66\" data-element_type=\"container\" data-e-type=\"container\">\n\t\t<div class=\"elementor-element elementor-element-6746a8c e-con-full e-flex e-con e-child\" data-id=\"6746a8c\" data-element_type=\"container\" data-e-type=\"container\" data-settings=\"{&quot;background_background&quot;:&quot;classic&quot;}\">\n\t\t\t\t<div class=\"elementor-element elementor-element-ff83b50 elementor-widget elementor-widget-image\" data-id=\"ff83b50\" data-element_type=\"widget\" data-e-type=\"widget\" data-widget_type=\"image.default\">\n\t\t\t\t\t\t\t\t\t\t\t\t\t\t\t<img fetchpriority=\"high\" decoding=\"async\" width=\"514\" height=\"479\" src=\"https:\/\/cbrr.org.br\/wp-content\/uploads\/2025\/09\/LINK_SOBRE_A_CBRR_MISSAO.png\" class=\"attachment-large size-large wp-image-266\" alt=\"\" srcset=\"https:\/\/cbrr.org.br\/wp-content\/uploads\/2025\/09\/LINK_SOBRE_A_CBRR_MISSAO.png 514w, https:\/\/cbrr.org.br\/wp-content\/uploads\/2025\/09\/LINK_SOBRE_A_CBRR_MISSAO-300x280.png 300w\" sizes=\"(max-width: 514px) 100vw, 514px\" \/>\t\t\t\t\t\t\t\t\t\t\t\t\t\t\t<\/div>\n\t\t\t\t<div class=\"elementor-element elementor-element-600b6ec elementor-absolute elementor-hidden-tablet elementor-hidden-mobile elementor-widget elementor-widget-image\" data-id=\"600b6ec\" data-element_type=\"widget\" data-e-type=\"widget\" data-settings=\"{&quot;_position&quot;:&quot;absolute&quot;}\" data-widget_type=\"image.default\">\n\t\t\t\t\t\t\t\t\t\t\t\t\t\t\t<img decoding=\"async\" width=\"331\" height=\"310\" src=\"https:\/\/cbrr.org.br\/wp-content\/uploads\/2025\/09\/pontos-verdesdireito.png\" class=\"attachment-large size-large wp-image-273\" alt=\"\" srcset=\"https:\/\/cbrr.org.br\/wp-content\/uploads\/2025\/09\/pontos-verdesdireito.png 331w, https:\/\/cbrr.org.br\/wp-content\/uploads\/2025\/09\/pontos-verdesdireito-300x281.png 300w\" sizes=\"(max-width: 331px) 100vw, 331px\" \/>\t\t\t\t\t\t\t\t\t\t\t\t\t\t\t<\/div>\n\t\t\t\t<\/div>\n\t\t\t\t<\/div>\n\t\t<div class=\"elementor-element elementor-element-67df133 e-con-full e-flex e-con e-child\" data-id=\"67df133\" data-element_type=\"container\" data-e-type=\"container\">\n\t\t\t\t<div class=\"elementor-element elementor-element-46fbafa elementor-widget elementor-widget-text-editor\" data-id=\"46fbafa\" data-element_type=\"widget\" data-e-type=\"widget\" data-widget_type=\"text-editor.default\">\n\t\t\t\t\t\t\t\t\t<p>CBRR&#039;s mission is to promote and develop the Brazilian mineral industry through initiatives that include best practices in reporting in accordance with the codes of the Committee for Mineral Reserves International Reporting Standards (CRIRSCO), organization of the certification process and maintenance of the registry of Qualified Professionals Registered in Brazil, among others.<\/p>\t\t\t\t\t\t\t\t<\/div>\n\t\t\t\t<\/div>\n\t\t\t\t\t<\/div>\n\t\t\t\t<\/div>\n\t\t\t\t<\/div>","protected":false},"excerpt":{"rendered":"<p>A CBRR tem a miss\u00e3o de promover e desenvolver a ind\u00fastria mineral brasileira por meio de iniciativas que incluem as melhores pr\u00e1ticas na elabora\u00e7\u00e3o de relat\u00f3rios nos termos dos c\u00f3digos do Comit\u00ea de Reservas Minerais e Padr\u00f5es Internacionais de Relato (Committee for Mineral Reserves International Reporting Standards \u2013 CRIRSCO), organiza\u00e7\u00e3o do processo de certifica\u00e7\u00e3o e [&hellip;]<\/p>\n","protected":false},"author":1,"featured_media":0,"parent":0,"menu_order":0,"comment_status":"closed","ping_status":"closed","template":"","meta":{"footnotes":""},"class_list":["post-260","page","type-page","status-publish","hentry"],"_links":{"self":[{"href":"https:\/\/cbrr.org.br\/en\/wp-json\/wp\/v2\/pages\/260","targetHints":{"allow":["GET"]}}],"collection":[{"href":"https:\/\/cbrr.org.br\/en\/wp-json\/wp\/v2\/pages"}],"about":[{"href":"https:\/\/cbrr.org.br\/en\/wp-json\/wp\/v2\/types\/page"}],"author":[{"embeddable":true,"href":"https:\/\/cbrr.org.br\/en\/wp-json\/wp\/v2\/users\/1"}],"replies":[{"embeddable":true,"href":"https:\/\/cbrr.org.br\/en\/wp-json\/wp\/v2\/comments?post=260"}],"version-history":[{"count":49,"href":"https:\/\/cbrr.org.br\/en\/wp-json\/wp\/v2\/pages\/260\/revisions"}],"predecessor-version":[{"id":4715,"href":"https:\/\/cbrr.org.br\/en\/wp-json\/wp\/v2\/pages\/260\/revisions\/4715"}],"wp:attachment":[{"href":"https:\/\/cbrr.org.br\/en\/wp-json\/wp\/v2\/media?parent=260"}],"curies":[{"name":"wp","href":"https:\/\/api.w.org\/{rel}","templated":true}]}}