{"id":3792,"date":"2025-09-30T13:53:32","date_gmt":"2025-09-30T16:53:32","guid":{"rendered":"https:\/\/cbrr.org.br\/?page_id=3792"},"modified":"2025-10-14T20:18:26","modified_gmt":"2025-10-14T23:18:26","slug":"registrar","status":"publish","type":"page","link":"https:\/\/cbrr.org.br\/en\/registrar\/","title":{"rendered":"Register"},"content":{"rendered":"<div data-elementor-type=\"wp-page\" data-elementor-id=\"3792\" class=\"elementor elementor-3792\" data-elementor-post-type=\"page\">\n\t\t\t\t<div class=\"elementor-element elementor-element-65ab8059 e-con-full e-flex e-con e-parent\" data-id=\"65ab8059\" data-element_type=\"container\" data-e-type=\"container\" data-settings=\"{&quot;background_background&quot;:&quot;classic&quot;}\">\n\t\t\t\t<div class=\"elementor-element elementor-element-4c15272a elementor-absolute elementor-hidden-tablet elementor-hidden-mobile elementor-widget elementor-widget-image\" data-id=\"4c15272a\" data-element_type=\"widget\" data-e-type=\"widget\" data-settings=\"{&quot;_position&quot;:&quot;absolute&quot;}\" data-widget_type=\"image.default\">\n\t\t\t\t\t\t\t\t\t\t\t\t\t\t\t<img decoding=\"async\" width=\"132\" height=\"278\" src=\"https:\/\/cbrr.org.br\/wp-content\/uploads\/2025\/09\/pecaFlutuanteAmarela4Dot.png\" class=\"attachment-large size-large wp-image-288\" alt=\"\" \/>\t\t\t\t\t\t\t\t\t\t\t\t\t\t\t<\/div>\n\t\t\t\t<\/div>\n\t\t<div class=\"elementor-element elementor-element-2b4caebe e-flex e-con-boxed e-con e-parent\" data-id=\"2b4caebe\" data-element_type=\"container\" data-e-type=\"container\">\n\t\t\t\t\t<div class=\"e-con-inner\">\n\t\t<div class=\"elementor-element elementor-element-4a9a5147 e-con-full e-flex e-con e-child\" data-id=\"4a9a5147\" data-element_type=\"container\" data-e-type=\"container\">\n\t\t<div class=\"elementor-element elementor-element-7e7a309d e-con-full e-flex e-con e-child\" data-id=\"7e7a309d\" data-element_type=\"container\" data-e-type=\"container\">\n\t\t<div class=\"elementor-element elementor-element-333668f e-con-full e-flex e-con e-child\" data-id=\"333668f\" data-element_type=\"container\" data-e-type=\"container\">\n\t\t\t\t<\/div>\n\t\t\t\t<\/div>\n\t\t\t\t<\/div>\n\t\t\t\t\t<\/div>\n\t\t\t\t<\/div>\n\t\t<div class=\"elementor-element elementor-element-37b3a3c6 e-flex e-con-boxed e-con e-parent\" data-id=\"37b3a3c6\" data-element_type=\"container\" data-e-type=\"container\">\n\t\t\t\t\t<div class=\"e-con-inner\">\n\t\t<div class=\"elementor-element elementor-element-3743ddc e-con-full e-flex e-con e-child\" data-id=\"3743ddc\" data-element_type=\"container\" data-e-type=\"container\">\n\t\t<div class=\"elementor-element elementor-element-01ee285 e-con-full e-flex e-con e-child\" data-id=\"01ee285\" data-element_type=\"container\" data-e-type=\"container\" data-settings=\"{&quot;shape_divider_top&quot;:&quot;mountains&quot;}\">\n\t\t\t\t<div class=\"elementor-shape elementor-shape-top\" aria-hidden=\"true\" data-negative=\"false\">\n\t\t\t<svg xmlns=\"http:\/\/www.w3.org\/2000\/svg\" viewbox=\"0 0 1000 100\" preserveaspectratio=\"none\">\n\t<path class=\"elementor-shape-fill\" opacity=\"0.33\" d=\"M473,67.3c-203.9,88.3-263.1-34-320.3,0C66,119.1,0,59.7,0,59.7V0h1000v59.7 c0,0-62.1,26.1-94.9,29.3c-32.8,3.3-62.8-12.3-75.8-22.1C806,49.6,745.3,8.7,694.9,4.7S492.4,59,473,67.3z\"\/>\n\t<path class=\"elementor-shape-fill\" opacity=\"0.66\" d=\"M734,67.3c-45.5,0-77.2-23.2-129.1-39.1c-28.6-8.7-150.3-10.1-254,39.1 s-91.7-34.4-149.2,0C115.7,118.3,0,39.8,0,39.8V0h1000v36.5c0,0-28.2-18.5-92.1-18.5C810.2,18.1,775.7,67.3,734,67.3z\"\/>\n\t<path class=\"elementor-shape-fill\" d=\"M766.1,28.9c-200-57.5-266,65.5-395.1,19.5C242,1.8,242,5.4,184.8,20.6C128,35.8,132.3,44.9,89.9,52.5C28.6,63.7,0,0,0,0 h1000c0,0-9.9,40.9-83.6,48.1S829.6,47,766.1,28.9z\"\/>\n<\/svg>\t\t<\/div>\n\t\t\t\t<div class=\"elementor-element elementor-element-ff58e2f elementor-widget elementor-widget-image\" data-id=\"ff58e2f\" data-element_type=\"widget\" data-e-type=\"widget\" data-widget_type=\"image.default\">\n\t\t\t\t\t\t\t\t\t\t\t\t\t\t\t<img fetchpriority=\"high\" decoding=\"async\" width=\"581\" height=\"384\" src=\"https:\/\/cbrr.org.br\/wp-content\/uploads\/2025\/09\/f1-reg.png\" class=\"attachment-large size-large wp-image-3793\" alt=\"\" srcset=\"https:\/\/cbrr.org.br\/wp-content\/uploads\/2025\/09\/f1-reg.png 581w, https:\/\/cbrr.org.br\/wp-content\/uploads\/2025\/09\/f1-reg-300x198.png 300w, https:\/\/cbrr.org.br\/wp-content\/uploads\/2025\/09\/f1-reg-18x12.png 18w\" sizes=\"(max-width: 581px) 100vw, 581px\" \/>\t\t\t\t\t\t\t\t\t\t\t\t\t\t\t<\/div>\n\t\t\t\t<\/div>\n\t\t<div class=\"elementor-element elementor-element-dbcbe5e e-con-full e-flex e-con e-child\" data-id=\"dbcbe5e\" data-element_type=\"container\" data-e-type=\"container\">\n\t\t\t\t<div class=\"elementor-element elementor-element-6c18d81 elementor-widget elementor-widget-heading\" data-id=\"6c18d81\" data-element_type=\"widget\" data-e-type=\"widget\" data-widget_type=\"heading.default\">\n\t\t\t\t\t<h2 class=\"elementor-heading-title elementor-size-default\">areas of expertise<\/h2>\t\t\t\t<\/div>\n\t\t\t\t<div class=\"elementor-element elementor-element-fe2695a elementor-widget-divider--view-line elementor-widget elementor-widget-divider\" data-id=\"fe2695a\" data-element_type=\"widget\" data-e-type=\"widget\" data-widget_type=\"divider.default\">\n\t\t\t\t\t\t\t<div class=\"elementor-divider\">\n\t\t\t<span class=\"elementor-divider-separator\">\n\t\t\t\t\t\t<\/span>\n\t\t<\/div>\n\t\t\t\t\t\t<\/div>\n\t\t\t\t<div class=\"elementor-element elementor-element-5523946 elementor-widget elementor-widget-text-editor\" data-id=\"5523946\" data-element_type=\"widget\" data-e-type=\"widget\" data-widget_type=\"text-editor.default\">\n\t\t\t\t\t\t\t\t\t<ul><li>Mineral exploration<\/li><li>Mineral resource estimation<\/li><li>Estimation of mineral reserves<\/li><li>Mining operations<\/li><li>Mineral processing<\/li><li><span dir=\"auto\">Geotechnics<\/span><\/li><li>Environment and sustainability<\/li><li>Economic and financial evaluation of mineral assets<\/li><li>Mining regulation in Brazil<\/li><\/ul>\t\t\t\t\t\t\t\t<\/div>\n\t\t\t\t<\/div>\n\t\t\t\t<\/div>\n\t\t\t\t\t<\/div>\n\t\t\t\t<\/div>\n\t\t<div class=\"elementor-element elementor-element-1325b4a e-flex e-con-boxed e-con e-parent\" data-id=\"1325b4a\" data-element_type=\"container\" data-e-type=\"container\">\n\t\t\t\t\t<div class=\"e-con-inner\">\n\t\t\t\t<div class=\"elementor-element elementor-element-a84de5f elementor-widget elementor-widget-heading\" data-id=\"a84de5f\" data-element_type=\"widget\" data-e-type=\"widget\" data-widget_type=\"heading.default\">\n\t\t\t\t\t<h2 class=\"elementor-heading-title elementor-size-default\">Who can register<\/h2>\t\t\t\t<\/div>\n\t\t\t\t<div class=\"elementor-element elementor-element-a8d2c99 elementor-widget-divider--view-line elementor-widget elementor-widget-divider\" data-id=\"a8d2c99\" data-element_type=\"widget\" data-e-type=\"widget\" data-widget_type=\"divider.default\">\n\t\t\t\t\t\t\t<div class=\"elementor-divider\">\n\t\t\t<span class=\"elementor-divider-separator\">\n\t\t\t\t\t\t<\/span>\n\t\t<\/div>\n\t\t\t\t\t\t<\/div>\n\t\t\t\t<div class=\"elementor-element elementor-element-dc53490 elementor-widget elementor-widget-text-editor\" data-id=\"dc53490\" data-element_type=\"widget\" data-e-type=\"widget\" data-widget_type=\"text-editor.default\">\n\t\t\t\t\t\t\t\t\t<p>The following requirements are necessary for registration as a Qualified Professional with the CBRR:<\/p><ul><li>University course completed in Brazil or at a recognized institution abroad;<\/li><li>Relevant experience in the mineral sector for at least 10 years;<\/li><li>Relevant experience of at least 5 years in the same type of deposit or operation, within the area of knowledge for which the Registration is requested;<\/li><li>Having held a Position of Responsibility for at least 3 years. There is no direct correlation between a Position of Responsibility and a management position. A professional holds a Position of Responsibility when their participation in the decision-making process of projects or operations is considered essential;<\/li><li>Have a valid professional registration in the national territory;<\/li><li>Know and adopt the CBRR Code of Ethics and the Guide for the Declaration of Exploration Results, Resources and Mineral Reserves;<\/li><li>Know the <a href=\"https:\/\/cbrr.org.br\/wp-content\/uploads\/2025\/09\/Regulamento_do_Comite_de_Registro_CBRR_Maio_2023.pdf\" target=\"_blank\" rel=\"noopener noreferrer\">CBRR Registration Committee Regulations<\/a>.<\/li><\/ul>\t\t\t\t\t\t\t\t<\/div>\n\t\t\t\t\t<\/div>\n\t\t\t\t<\/div>\n\t\t<div class=\"elementor-element elementor-element-2bd43b6 e-flex e-con-boxed e-con e-parent\" data-id=\"2bd43b6\" data-element_type=\"container\" data-e-type=\"container\">\n\t\t\t\t\t<div class=\"e-con-inner\">\n\t\t<div class=\"elementor-element elementor-element-8581dee e-con-full e-flex e-con e-child\" data-id=\"8581dee\" data-element_type=\"container\" data-e-type=\"container\">\n\t\t<div class=\"elementor-element elementor-element-cda01cf e-con-full e-flex e-con e-child\" data-id=\"cda01cf\" data-element_type=\"container\" data-e-type=\"container\">\n\t\t\t\t<div class=\"elementor-element elementor-element-967e6d2 elementor-widget elementor-widget-heading\" data-id=\"967e6d2\" data-element_type=\"widget\" data-e-type=\"widget\" data-widget_type=\"heading.default\">\n\t\t\t\t\t<h2 class=\"elementor-heading-title elementor-size-default\">How to Register<\/h2>\t\t\t\t<\/div>\n\t\t\t\t<div class=\"elementor-element elementor-element-7a55fc8 elementor-widget-divider--view-line elementor-widget elementor-widget-divider\" data-id=\"7a55fc8\" data-element_type=\"widget\" data-e-type=\"widget\" data-widget_type=\"divider.default\">\n\t\t\t\t\t\t\t<div class=\"elementor-divider\">\n\t\t\t<span class=\"elementor-divider-separator\">\n\t\t\t\t\t\t<\/span>\n\t\t<\/div>\n\t\t\t\t\t\t<\/div>\n\t\t\t\t<div class=\"elementor-element elementor-element-4ca04ab elementor-widget elementor-widget-text-editor\" data-id=\"4ca04ab\" data-element_type=\"widget\" data-e-type=\"widget\" data-widget_type=\"text-editor.default\">\n\t\t\t\t\t\t\t\t\t<p><strong>1<\/strong> \u2013 Prepare the required documents (see below)<\/p><p><strong>2<\/strong> \u2013 Fill out and sign the\u00a0<a href=\"https:\/\/cbrr.org.br\/wp-content\/uploads\/2025\/09\/Fomulario_Registro_CBRR_rev_08_dez_21.docx\" target=\"_blank\" rel=\"noopener\">Registration Request Form<\/a><\/p><p><strong>3<\/strong> \u2013 Pay the submission fee of R$50.00 (fifty reais)<\/p><p><b>Bank of Brazil (001)<\/b><br \/><b>Account Name: CBRR \u2013 Brazilian Commission on Resources and Reserves<\/b><br \/><b>Agency: 1607-1<\/b><br \/><b>Checking Account: 405 131-9<\/b><br \/><b>CNPJ: 25.277.283\/0001-44<br \/><i>(NOTE: If you prefer to pay via bank slip, please request this in advance by email.\u00a0<a href=\"mailto:registro@cbrr.org.br\" target=\"_blank\" rel=\"noopener\">registro@cbrr.org.br<\/a>)<\/i><br \/><\/b><\/p><p><strong>4<\/strong> \u2013 Scan and submit the required documents, the signed application form and the bank statement:\u00a0<a href=\"mailto:registro@cbrr.org.br\">registro@cbrr.org.br<\/a><\/p><p>The applicant will receive a confirmation email within 5 business days of CBRR receiving the documentation and will be notified of their eligibility for registration as a PQR.CBRR Registered Qualified Professional within 60 days. If the applicant is not considered eligible for PQR.CBRR, the CBRR Registration Committee will contact the applicant to clarify the reasons and\/or request new information or documents.<\/p>\t\t\t\t\t\t\t\t<\/div>\n\t\t\t\t<\/div>\n\t\t\t\t<\/div>\n\t\t\t\t\t<\/div>\n\t\t\t\t<\/div>\n\t\t<div class=\"elementor-element elementor-element-3bcf229 e-con-full elementor-hidden-tablet elementor-hidden-mobile e-flex e-con e-parent\" data-id=\"3bcf229\" data-element_type=\"container\" data-e-type=\"container\">\n\t\t\t\t<div class=\"elementor-element elementor-element-84d650e elementor-absolute elementor-widget elementor-widget-image\" data-id=\"84d650e\" data-element_type=\"widget\" data-e-type=\"widget\" data-settings=\"{&quot;_position&quot;:&quot;absolute&quot;}\" data-widget_type=\"image.default\">\n\t\t\t\t\t\t\t\t\t\t\t\t\t\t\t<img decoding=\"async\" width=\"331\" height=\"310\" src=\"https:\/\/cbrr.org.br\/wp-content\/uploads\/2025\/09\/pontos-verdesdireito.png\" class=\"attachment-large size-large wp-image-273\" alt=\"\" srcset=\"https:\/\/cbrr.org.br\/wp-content\/uploads\/2025\/09\/pontos-verdesdireito.png 331w, https:\/\/cbrr.org.br\/wp-content\/uploads\/2025\/09\/pontos-verdesdireito-300x281.png 300w\" sizes=\"(max-width: 331px) 100vw, 331px\" \/>\t\t\t\t\t\t\t\t\t\t\t\t\t\t\t<\/div>\n\t\t<div class=\"elementor-element elementor-element-8587681 e-con-full e-flex e-con e-child\" data-id=\"8587681\" data-element_type=\"container\" data-e-type=\"container\">\n\t\t<div class=\"elementor-element elementor-element-187d632 e-con-full e-flex e-con e-child\" data-id=\"187d632\" data-element_type=\"container\" data-e-type=\"container\">\n\t\t\t\t<\/div>\n\t\t<div class=\"elementor-element elementor-element-45f184f e-con-full e-flex e-con e-child\" data-id=\"45f184f\" data-element_type=\"container\" data-e-type=\"container\">\n\t\t\t\t<\/div>\n\t\t<div class=\"elementor-element elementor-element-15a47a6 e-con-full e-flex e-con e-child\" data-id=\"15a47a6\" data-element_type=\"container\" data-e-type=\"container\" data-settings=\"{&quot;background_background&quot;:&quot;classic&quot;}\">\n\t\t\t\t<\/div>\n\t\t\t\t<\/div>\n\t\t\t\t<\/div>\n\t\t<div class=\"elementor-element elementor-element-30d41af e-flex e-con-boxed e-con e-parent\" data-id=\"30d41af\" data-element_type=\"container\" data-e-type=\"container\">\n\t\t\t\t\t<div class=\"e-con-inner\">\n\t\t<div class=\"elementor-element elementor-element-1b10f1d e-con-full e-flex e-con e-child\" data-id=\"1b10f1d\" data-element_type=\"container\" data-e-type=\"container\">\n\t\t\t\t<div class=\"elementor-element elementor-element-41b775c elementor-widget elementor-widget-heading\" data-id=\"41b775c\" data-element_type=\"widget\" data-e-type=\"widget\" data-widget_type=\"heading.default\">\n\t\t\t\t\t<h2 class=\"elementor-heading-title elementor-size-default\">Required Documents<\/h2>\t\t\t\t<\/div>\n\t\t\t\t<div class=\"elementor-element elementor-element-dae1cb2 elementor-widget-divider--view-line elementor-widget elementor-widget-divider\" data-id=\"dae1cb2\" data-element_type=\"widget\" data-e-type=\"widget\" data-widget_type=\"divider.default\">\n\t\t\t\t\t\t\t<div class=\"elementor-divider\">\n\t\t\t<span class=\"elementor-divider-separator\">\n\t\t\t\t\t\t<\/span>\n\t\t<\/div>\n\t\t\t\t\t\t<\/div>\n\t\t\t\t<div class=\"elementor-element elementor-element-3d70d72 elementor-widget elementor-widget-text-editor\" data-id=\"3d70d72\" data-element_type=\"widget\" data-e-type=\"widget\" data-widget_type=\"text-editor.default\">\n\t\t\t\t\t\t\t\t\t<ul><li>Copy of the document valid in national territory<\/li><li>Copy of professional registration card<\/li><li>Proof of payment of professional registration fees<\/li><li>University graduation certificate(s)<\/li><li>Postgraduate certificate(s), if applicable<\/li><li>Professional resume (professional history)<\/li><li><a href=\"https:\/\/cbrr.org.br\/wp-content\/uploads\/2025\/09\/DECLARACAO_DE_IDONEIDADE_CBRR.docx\" target=\"_blank\" rel=\"noopener\">Declaration of Suitability and Authorization for Data Validation<\/a><\/li><li>Proof of payment of CBRR fee<\/li><\/ul>\t\t\t\t\t\t\t\t<\/div>\n\t\t\t\t<\/div>\n\t\t\t\t\t<\/div>\n\t\t\t\t<\/div>\n\t\t<div class=\"elementor-element elementor-element-545e5d7 e-flex e-con-boxed e-con e-parent\" data-id=\"545e5d7\" data-element_type=\"container\" data-e-type=\"container\">\n\t\t\t\t\t<div class=\"e-con-inner\">\n\t\t<div class=\"elementor-element elementor-element-f974dd1 e-con-full e-flex e-con e-child\" data-id=\"f974dd1\" data-element_type=\"container\" data-e-type=\"container\">\n\t\t\t\t<div class=\"elementor-element elementor-element-65f06a2 elementor-widget elementor-widget-heading\" data-id=\"65f06a2\" data-element_type=\"widget\" data-e-type=\"widget\" data-widget_type=\"heading.default\">\n\t\t\t\t\t<h2 class=\"elementor-heading-title elementor-size-default\">Prices, applications and annuities<\/h2>\t\t\t\t<\/div>\n\t\t\t\t<div class=\"elementor-element elementor-element-08f3f22 elementor-widget-divider--view-line elementor-widget elementor-widget-divider\" data-id=\"08f3f22\" data-element_type=\"widget\" data-e-type=\"widget\" data-widget_type=\"divider.default\">\n\t\t\t\t\t\t\t<div class=\"elementor-divider\">\n\t\t\t<span class=\"elementor-divider-separator\">\n\t\t\t\t\t\t<\/span>\n\t\t<\/div>\n\t\t\t\t\t\t<\/div>\n\t\t\t\t<div class=\"elementor-element elementor-element-7e66a5e elementor-widget elementor-widget-text-editor\" data-id=\"7e66a5e\" data-element_type=\"widget\" data-e-type=\"widget\" data-widget_type=\"text-editor.default\">\n\t\t\t\t\t\t\t\t\t<p>(There is an additional Bank Slip Issuance Fee for the amount paid by bank slip).<\/p>\t\t\t\t\t\t\t\t<\/div>\n\t\t\t\t<\/div>\n\t\t<div class=\"elementor-element elementor-element-e9335b1 e-con-full e-flex e-con e-child\" data-id=\"e9335b1\" data-element_type=\"container\" data-e-type=\"container\">\n\t\t<div class=\"elementor-element elementor-element-5e3ccb4 e-con-full e-flex e-con e-child\" data-id=\"5e3ccb4\" data-element_type=\"container\" data-e-type=\"container\">\n\t\t\t\t<div class=\"elementor-element elementor-element-1f1cc7e elementor-widget elementor-widget-heading\" data-id=\"1f1cc7e\" data-element_type=\"widget\" data-e-type=\"widget\" data-widget_type=\"heading.default\">\n\t\t\t\t\t<h2 class=\"elementor-heading-title elementor-size-default\">fee for registration application<br>\nas a registered professional:<\/h2>\t\t\t\t<\/div>\n\t\t\t\t<div class=\"elementor-element elementor-element-0fb5fd6 elementor-widget elementor-widget-heading\" data-id=\"0fb5fd6\" data-element_type=\"widget\" data-e-type=\"widget\" data-widget_type=\"heading.default\">\n\t\t\t\t\t<h2 class=\"elementor-heading-title elementor-size-default\">R$ 50.00<\/h2>\t\t\t\t<\/div>\n\t\t\t\t<div class=\"elementor-element elementor-element-6ce0f09 elementor-widget elementor-widget-text-editor\" data-id=\"6ce0f09\" data-element_type=\"widget\" data-e-type=\"widget\" data-widget_type=\"text-editor.default\">\n\t\t\t\t\t\t\t\t\t<p>(fifty reais)<\/p>\t\t\t\t\t\t\t\t<\/div>\n\t\t\t\t<\/div>\n\t\t<div class=\"elementor-element elementor-element-b4c3a11 e-con-full e-flex e-con e-child\" data-id=\"b4c3a11\" data-element_type=\"container\" data-e-type=\"container\">\n\t\t\t\t<div class=\"elementor-element elementor-element-652f439 elementor-widget elementor-widget-heading\" data-id=\"652f439\" data-element_type=\"widget\" data-e-type=\"widget\" data-widget_type=\"heading.default\">\n\t\t\t\t\t<h2 class=\"elementor-heading-title elementor-size-default\">Professionals&#039; Annual Fee<br>\nRegistered:<\/h2>\t\t\t\t<\/div>\n\t\t\t\t<div class=\"elementor-element elementor-element-fb9ea05 elementor-widget elementor-widget-heading\" data-id=\"fb9ea05\" data-element_type=\"widget\" data-e-type=\"widget\" data-widget_type=\"heading.default\">\n\t\t\t\t\t<h2 class=\"elementor-heading-title elementor-size-default\">R$ 450.00<\/h2>\t\t\t\t<\/div>\n\t\t\t\t<div class=\"elementor-element elementor-element-ff4186c elementor-widget elementor-widget-text-editor\" data-id=\"ff4186c\" data-element_type=\"widget\" data-e-type=\"widget\" data-widget_type=\"text-editor.default\">\n\t\t\t\t\t\t\t\t\t<p>(four hundred and fifty reais)<br \/>(to be paid after candidate approval)<\/p>\t\t\t\t\t\t\t\t<\/div>\n\t\t\t\t<\/div>\n\t\t\t\t<\/div>\n\t\t\t\t\t<\/div>\n\t\t\t\t<\/div>\n\t\t<div class=\"elementor-element elementor-element-74a11f7 e-con-full elementor-hidden-tablet elementor-hidden-mobile e-flex e-con e-parent\" data-id=\"74a11f7\" data-element_type=\"container\" data-e-type=\"container\">\n\t\t\t\t<div class=\"elementor-element elementor-element-681a0a40 elementor-absolute elementor-widget elementor-widget-image\" data-id=\"681a0a40\" data-element_type=\"widget\" data-e-type=\"widget\" data-settings=\"{&quot;_position&quot;:&quot;absolute&quot;}\" data-widget_type=\"image.default\">\n\t\t\t\t\t\t\t\t\t\t\t\t\t\t\t<img loading=\"lazy\" decoding=\"async\" width=\"120\" height=\"310\" src=\"https:\/\/cbrr.org.br\/wp-content\/uploads\/2025\/09\/pontos-verdesdireito3Dot.png\" class=\"attachment-large size-large wp-image-312\" alt=\"\" srcset=\"https:\/\/cbrr.org.br\/wp-content\/uploads\/2025\/09\/pontos-verdesdireito3Dot.png 120w, https:\/\/cbrr.org.br\/wp-content\/uploads\/2025\/09\/pontos-verdesdireito3Dot-116x300.png 116w\" sizes=\"(max-width: 120px) 100vw, 120px\" \/>\t\t\t\t\t\t\t\t\t\t\t\t\t\t\t<\/div>\n\t\t\t\t<\/div>\n\t\t\t\t<\/div>","protected":false},"excerpt":{"rendered":"<p>\u00e1reas de compet\u00eancia Explora\u00e7\u00e3o mineral Estimativa de recursos minerais Estimativa de reservas minerais Opera\u00e7\u00f5es de minera\u00e7\u00e3o Processamento mineral Geotecnia Meio ambiente e sustentabilidade Avalia\u00e7\u00e3o econ\u00f4mico-financeira de ativos minerais Regula\u00e7\u00e3o miner\u00e1ria do Brasil Quem pode se registrar Os seguintes requisitos s\u00e3o necess\u00e1rios para o registro como Profissional Qualificado na CBRR: Curso universit\u00e1rio conclu\u00eddo no Brasil ou [&hellip;]<\/p>\n","protected":false},"author":1,"featured_media":0,"parent":0,"menu_order":0,"comment_status":"closed","ping_status":"closed","template":"","meta":{"footnotes":""},"class_list":["post-3792","page","type-page","status-publish","hentry"],"_links":{"self":[{"href":"https:\/\/cbrr.org.br\/en\/wp-json\/wp\/v2\/pages\/3792","targetHints":{"allow":["GET"]}}],"collection":[{"href":"https:\/\/cbrr.org.br\/en\/wp-json\/wp\/v2\/pages"}],"about":[{"href":"https:\/\/cbrr.org.br\/en\/wp-json\/wp\/v2\/types\/page"}],"author":[{"embeddable":true,"href":"https:\/\/cbrr.org.br\/en\/wp-json\/wp\/v2\/users\/1"}],"replies":[{"embeddable":true,"href":"https:\/\/cbrr.org.br\/en\/wp-json\/wp\/v2\/comments?post=3792"}],"version-history":[{"count":78,"href":"https:\/\/cbrr.org.br\/en\/wp-json\/wp\/v2\/pages\/3792\/revisions"}],"predecessor-version":[{"id":4705,"href":"https:\/\/cbrr.org.br\/en\/wp-json\/wp\/v2\/pages\/3792\/revisions\/4705"}],"wp:attachment":[{"href":"https:\/\/cbrr.org.br\/en\/wp-json\/wp\/v2\/media?parent=3792"}],"curies":[{"name":"wp","href":"https:\/\/api.w.org\/{rel}","templated":true}]}}