{"id":4969,"date":"2026-04-07T14:55:23","date_gmt":"2026-04-07T17:55:23","guid":{"rendered":"https:\/\/cbrr.org.br\/?page_id=4969"},"modified":"2026-04-10T15:15:26","modified_gmt":"2026-04-10T18:15:26","slug":"representantes-cbrr-no-crirsco","status":"publish","type":"page","link":"https:\/\/cbrr.org.br\/en\/representantes-cbrr-no-crirsco\/","title":{"rendered":"Representantes CBRR no CRIRSCO"},"content":{"rendered":"\t\t<div data-elementor-type=\"wp-page\" data-elementor-id=\"4969\" class=\"elementor elementor-4969\" data-elementor-post-type=\"page\">\n\t\t\t\t<div class=\"elementor-element elementor-element-b73480b e-con-full e-flex e-con e-parent\" data-id=\"b73480b\" data-element_type=\"container\" data-e-type=\"container\" data-settings=\"{&quot;background_background&quot;:&quot;classic&quot;}\">\n\t\t\t\t<div class=\"elementor-element elementor-element-74035ab elementor-absolute elementor-hidden-tablet elementor-hidden-mobile elementor-widget elementor-widget-image\" data-id=\"74035ab\" data-element_type=\"widget\" data-e-type=\"widget\" data-settings=\"{&quot;_position&quot;:&quot;absolute&quot;}\" data-widget_type=\"image.default\">\n\t\t\t\t\t\t\t\t\t\t\t\t\t\t\t<img decoding=\"async\" width=\"132\" height=\"278\" src=\"https:\/\/cbrr.org.br\/wp-content\/uploads\/2025\/09\/pecaFlutuanteAmarela4Dot.png\" class=\"attachment-large size-large wp-image-288\" alt=\"\" \/>\t\t\t\t\t\t\t\t\t\t\t\t\t\t\t<\/div>\n\t\t\t\t<\/div>\n\t\t<div class=\"elementor-element elementor-element-89cf984 e-flex e-con-boxed e-con e-parent\" data-id=\"89cf984\" data-element_type=\"container\" data-e-type=\"container\">\n\t\t\t\t\t<div class=\"e-con-inner\">\n\t\t<div class=\"elementor-element elementor-element-5231238 e-con-full e-flex e-con e-child\" data-id=\"5231238\" data-element_type=\"container\" data-e-type=\"container\">\n\t\t<div class=\"elementor-element elementor-element-8679468 e-con-full e-flex e-con e-child\" data-id=\"8679468\" data-element_type=\"container\" data-e-type=\"container\">\n\t\t<div class=\"elementor-element elementor-element-fffc245 e-con-full e-flex e-con e-child\" data-id=\"fffc245\" data-element_type=\"container\" data-e-type=\"container\">\n\t\t\t\t<\/div>\n\t\t\t\t<\/div>\n\t\t\t\t<\/div>\n\t\t\t\t\t<\/div>\n\t\t\t\t<\/div>\n\t\t<div class=\"elementor-element elementor-element-01ae11e e-flex e-con-boxed e-con e-parent\" data-id=\"01ae11e\" data-element_type=\"container\" data-e-type=\"container\">\n\t\t\t\t\t<div class=\"e-con-inner\">\n\t\t\t\t<div class=\"elementor-element elementor-element-3ba620f elementor-widget elementor-widget-jet-listing-grid\" data-id=\"3ba620f\" data-element_type=\"widget\" data-e-type=\"widget\" data-settings=\"{&quot;columns&quot;:&quot;1&quot;}\" data-widget_type=\"jet-listing-grid.default\">\n\t\t\t\t\t<div class=\"jet-listing-grid jet-listing\"><div class=\"jet-listing-grid__items grid-col-desk-1 grid-col-tablet-1 grid-col-mobile-1 jet-listing-grid--5006\" data-queried-id=\"4969|WP_Post\" data-nav=\"{&quot;enabled&quot;:false,&quot;type&quot;:null,&quot;more_el&quot;:null,&quot;query&quot;:[],&quot;widget_settings&quot;:{&quot;lisitng_id&quot;:5006,&quot;posts_num&quot;:2,&quot;columns&quot;:1,&quot;columns_tablet&quot;:1,&quot;columns_mobile&quot;:1,&quot;column_min_width&quot;:240,&quot;column_min_width_tablet&quot;:240,&quot;column_min_width_mobile&quot;:240,&quot;inline_columns_css&quot;:false,&quot;is_archive_template&quot;:&quot;&quot;,&quot;post_status&quot;:[&quot;publish&quot;],&quot;use_random_posts_num&quot;:&quot;&quot;,&quot;max_posts_num&quot;:9,&quot;not_found_message&quot;:&quot;Nenhum membro encontrado!&quot;,&quot;is_masonry&quot;:false,&quot;equal_columns_height&quot;:&quot;&quot;,&quot;use_load_more&quot;:&quot;&quot;,&quot;load_more_id&quot;:&quot;&quot;,&quot;load_more_type&quot;:&quot;click&quot;,&quot;load_more_offset&quot;:{&quot;unit&quot;:&quot;px&quot;,&quot;size&quot;:0,&quot;sizes&quot;:[]},&quot;use_custom_post_types&quot;:&quot;&quot;,&quot;custom_post_types&quot;:[],&quot;hide_widget_if&quot;:&quot;&quot;,&quot;carousel_enabled&quot;:&quot;&quot;,&quot;slides_to_scroll&quot;:&quot;1&quot;,&quot;arrows&quot;:&quot;true&quot;,&quot;arrow_icon&quot;:&quot;fa fa-angle-left&quot;,&quot;dots&quot;:&quot;&quot;,&quot;autoplay&quot;:&quot;true&quot;,&quot;pause_on_hover&quot;:&quot;true&quot;,&quot;autoplay_speed&quot;:5000,&quot;infinite&quot;:&quot;true&quot;,&quot;center_mode&quot;:&quot;&quot;,&quot;effect&quot;:&quot;slide&quot;,&quot;speed&quot;:500,&quot;inject_alternative_items&quot;:&quot;&quot;,&quot;injection_items&quot;:[],&quot;scroll_slider_enabled&quot;:&quot;&quot;,&quot;scroll_slider_on&quot;:[&quot;desktop&quot;,&quot;tablet&quot;,&quot;mobile&quot;],&quot;custom_query&quot;:false,&quot;custom_query_id&quot;:&quot;&quot;,&quot;_element_id&quot;:&quot;&quot;,&quot;collapse_first_last_gap&quot;:false,&quot;list_tag_selection&quot;:&quot;&quot;,&quot;list_items_wrapper_tag&quot;:&quot;div&quot;,&quot;list_item_tag&quot;:&quot;div&quot;,&quot;empty_items_wrapper_tag&quot;:&quot;div&quot;}}\" data-page=\"1\" data-pages=\"1\" data-listing-source=\"posts\" data-listing-id=\"5006\" data-query-id=\"\"><div class=\"jet-listing-grid__item jet-listing-dynamic-post-5005\" data-post-id=\"5005\"  >\t\t<div data-elementor-type=\"jet-listing-items\" data-elementor-id=\"5006\" class=\"elementor elementor-5006\" data-elementor-post-type=\"jet-engine\">\n\t\t\t\t<div class=\"elementor-element elementor-element-d8bcfdb e-flex e-con-boxed e-con e-parent\" data-id=\"d8bcfdb\" data-element_type=\"container\" data-e-type=\"container\">\n\t\t\t\t\t<div class=\"e-con-inner\">\n\t\t<div class=\"elementor-element elementor-element-6dd0ba0 e-con-full e-flex e-con e-child\" data-id=\"6dd0ba0\" data-element_type=\"container\" data-e-type=\"container\">\n\t\t<div class=\"elementor-element elementor-element-fd5bc72 e-con-full e-flex e-con e-child\" data-id=\"fd5bc72\" data-element_type=\"container\" data-e-type=\"container\">\n\t\t\t\t<div class=\"elementor-element elementor-element-35cea4a elementor-widget elementor-widget-jet-listing-dynamic-image\" data-id=\"35cea4a\" data-element_type=\"widget\" data-e-type=\"widget\" data-widget_type=\"jet-listing-dynamic-image.default\">\n\t\t\t\t\t<div class=\"jet-listing jet-listing-dynamic-image\" ><img fetchpriority=\"high\" decoding=\"async\" width=\"231\" height=\"280\" src=\"https:\/\/cbrr.org.br\/wp-content\/uploads\/2025\/09\/EdsonRibeiro_Site_CBRR-2.png\" class=\"jet-listing-dynamic-image__img attachment-full size-full\" alt=\"EdsonRibeiro_Site_CBRR\" loading=\"eager\" \/><\/div>\t\t\t\t<\/div>\n\t\t\t\t<\/div>\n\t\t\t\t<\/div>\n\t\t<div class=\"elementor-element elementor-element-0612b39 e-con-full e-flex e-con e-child\" data-id=\"0612b39\" data-element_type=\"container\" data-e-type=\"container\">\n\t\t<div class=\"elementor-element elementor-element-2639c76 e-con-full e-flex e-con e-child\" data-id=\"2639c76\" data-element_type=\"container\" data-e-type=\"container\">\n\t\t\t\t<div class=\"elementor-element elementor-element-7459836 elementor-widget elementor-widget-jet-listing-dynamic-field\" data-id=\"7459836\" data-element_type=\"widget\" data-e-type=\"widget\" data-widget_type=\"jet-listing-dynamic-field.default\">\n\t\t\t\t\t<div class=\"jet-listing jet-listing-dynamic-field display-inline\"><div class=\"jet-listing-dynamic-field__inline-wrap\"><div class=\"jet-listing-dynamic-field__content\"><\/div><\/div><\/div>\t\t\t\t<\/div>\n\t\t\t\t<\/div>\n\t\t<div class=\"elementor-element elementor-element-fa50b75 e-con-full e-flex e-con e-child\" data-id=\"fa50b75\" data-element_type=\"container\" data-e-type=\"container\">\n\t\t\t\t<div class=\"elementor-element elementor-element-d345e35 elementor-widget elementor-widget-jet-listing-dynamic-field\" data-id=\"d345e35\" data-element_type=\"widget\" data-e-type=\"widget\" data-widget_type=\"jet-listing-dynamic-field.default\">\n\t\t\t\t\t<div class=\"jet-listing jet-listing-dynamic-field display-inline\"><div class=\"jet-listing-dynamic-field__inline-wrap\"><div class=\"jet-listing-dynamic-field__content\">Edson dos Santos Correa Ribeiro  - <\/div><\/div><\/div>\t\t\t\t<\/div>\n\t\t\t\t<div class=\"elementor-element elementor-element-297f136 elementor-widget elementor-widget-jet-listing-dynamic-field\" data-id=\"297f136\" data-element_type=\"widget\" data-e-type=\"widget\" data-widget_type=\"jet-listing-dynamic-field.default\">\n\t\t\t\t\t<div class=\"jet-listing jet-listing-dynamic-field display-inline\"><div class=\"jet-listing-dynamic-field__inline-wrap\"><div class=\"jet-listing-dynamic-field__content\"><\/div><\/div><\/div>\t\t\t\t<\/div>\n\t\t\t\t<\/div>\n\t\t<div class=\"elementor-element elementor-element-70b7624 e-con-full e-flex e-con e-child\" data-id=\"70b7624\" data-element_type=\"container\" data-e-type=\"container\">\n\t\t\t\t<div class=\"elementor-element elementor-element-4a1f043 elementor-widget elementor-widget-jet-listing-dynamic-field\" data-id=\"4a1f043\" data-element_type=\"widget\" data-e-type=\"widget\" data-widget_type=\"jet-listing-dynamic-field.default\">\n\t\t\t\t\t<div class=\"jet-listing jet-listing-dynamic-field display-inline\"><div class=\"jet-listing-dynamic-field__inline-wrap\"><div class=\"jet-listing-dynamic-field__content\">Graduado em Geologia pela USP (1987), mestre em Metalog\u00eanese pela Unicamp (1994). Carreira de mais de 35 anos na ind\u00fastria mineral, liderando \u00e1reas de Planejamento Estrat\u00e9gico, Avalia\u00e7\u00e3o Econ\u00f4mica de Projetos Minerais, Desenvolvimento de Neg\u00f3cios, Explora\u00e7\u00e3o Mineral, Estimativa de Recursos Minerais e Desenvolvimento de Projetos Minerais. AIG Member (#5465), SME Member (#4203166), AusIMM Fellow (#990815) e PQR CBRR (#16001). Presidente da ADIMB de 2016-2020, representante da CBRR no CRIRSCO desde 2015. Chairperson do CRIRSCO de 2020 a 2022.<\/div><\/div><\/div>\t\t\t\t<\/div>\n\t\t\t\t<\/div>\n\t\t<div class=\"elementor-element elementor-element-66b2c73 e-con-full e-flex e-con e-child\" data-id=\"66b2c73\" data-element_type=\"container\" data-e-type=\"container\">\n\t\t\t\t<\/div>\n\t\t\t\t<\/div>\n\t\t\t\t\t<\/div>\n\t\t\t\t<\/div>\n\t\t\t\t<\/div>\n\t\t<\/div><div class=\"jet-listing-grid__item jet-listing-dynamic-post-5021\" data-post-id=\"5021\"  >\t\t<div data-elementor-type=\"jet-listing-items\" data-elementor-id=\"5006\" class=\"elementor elementor-5006\" data-elementor-post-type=\"jet-engine\">\n\t\t\t\t<div class=\"elementor-element elementor-element-d8bcfdb e-flex e-con-boxed e-con e-parent\" data-id=\"d8bcfdb\" data-element_type=\"container\" data-e-type=\"container\">\n\t\t\t\t\t<div class=\"e-con-inner\">\n\t\t<div class=\"elementor-element elementor-element-6dd0ba0 e-con-full e-flex e-con e-child\" data-id=\"6dd0ba0\" data-element_type=\"container\" data-e-type=\"container\">\n\t\t<div class=\"elementor-element elementor-element-fd5bc72 e-con-full e-flex e-con e-child\" data-id=\"fd5bc72\" data-element_type=\"container\" data-e-type=\"container\">\n\t\t\t\t<div class=\"elementor-element elementor-element-35cea4a elementor-widget elementor-widget-jet-listing-dynamic-image\" data-id=\"35cea4a\" data-element_type=\"widget\" data-e-type=\"widget\" data-widget_type=\"jet-listing-dynamic-image.default\">\n\t\t\t\t\t<div class=\"jet-listing jet-listing-dynamic-image\" ><img decoding=\"async\" width=\"231\" height=\"280\" src=\"https:\/\/cbrr.org.br\/wp-content\/uploads\/2025\/09\/Leonardo_Figueiredo_CBRR2020.png\" class=\"jet-listing-dynamic-image__img attachment-full size-full\" alt=\"Leonardo_Figueiredo_CBRR2020\" loading=\"eager\" \/><\/div>\t\t\t\t<\/div>\n\t\t\t\t<\/div>\n\t\t\t\t<\/div>\n\t\t<div class=\"elementor-element elementor-element-0612b39 e-con-full e-flex e-con e-child\" data-id=\"0612b39\" data-element_type=\"container\" data-e-type=\"container\">\n\t\t<div class=\"elementor-element elementor-element-2639c76 e-con-full e-flex e-con e-child\" data-id=\"2639c76\" data-element_type=\"container\" data-e-type=\"container\">\n\t\t\t\t<div class=\"elementor-element elementor-element-7459836 elementor-widget elementor-widget-jet-listing-dynamic-field\" data-id=\"7459836\" data-element_type=\"widget\" data-e-type=\"widget\" data-widget_type=\"jet-listing-dynamic-field.default\">\n\t\t\t\t\t<div class=\"jet-listing jet-listing-dynamic-field display-inline\"><div class=\"jet-listing-dynamic-field__inline-wrap\"><div class=\"jet-listing-dynamic-field__content\"><\/div><\/div><\/div>\t\t\t\t<\/div>\n\t\t\t\t<\/div>\n\t\t<div class=\"elementor-element elementor-element-fa50b75 e-con-full e-flex e-con e-child\" data-id=\"fa50b75\" data-element_type=\"container\" data-e-type=\"container\">\n\t\t\t\t<div class=\"elementor-element elementor-element-d345e35 elementor-widget elementor-widget-jet-listing-dynamic-field\" data-id=\"d345e35\" data-element_type=\"widget\" data-e-type=\"widget\" data-widget_type=\"jet-listing-dynamic-field.default\">\n\t\t\t\t\t<div class=\"jet-listing jet-listing-dynamic-field display-inline\"><div class=\"jet-listing-dynamic-field__inline-wrap\"><div class=\"jet-listing-dynamic-field__content\">Leonardo Figueiredo de Faria  - <\/div><\/div><\/div>\t\t\t\t<\/div>\n\t\t\t\t<div class=\"elementor-element elementor-element-297f136 elementor-widget elementor-widget-jet-listing-dynamic-field\" data-id=\"297f136\" data-element_type=\"widget\" data-e-type=\"widget\" data-widget_type=\"jet-listing-dynamic-field.default\">\n\t\t\t\t\t<div class=\"jet-listing jet-listing-dynamic-field display-inline\"><div class=\"jet-listing-dynamic-field__inline-wrap\"><div class=\"jet-listing-dynamic-field__content\">VALE<\/div><\/div><\/div>\t\t\t\t<\/div>\n\t\t\t\t<\/div>\n\t\t<div class=\"elementor-element elementor-element-70b7624 e-con-full e-flex e-con e-child\" data-id=\"70b7624\" data-element_type=\"container\" data-e-type=\"container\">\n\t\t\t\t<div class=\"elementor-element elementor-element-4a1f043 elementor-widget elementor-widget-jet-listing-dynamic-field\" data-id=\"4a1f043\" data-element_type=\"widget\" data-e-type=\"widget\" data-widget_type=\"jet-listing-dynamic-field.default\">\n\t\t\t\t\t<div class=\"jet-listing jet-listing-dynamic-field display-inline\"><div class=\"jet-listing-dynamic-field__inline-wrap\"><div class=\"jet-listing-dynamic-field__content\">Ge\u00f3logo com 25 anos de experi\u00eancia na ind\u00fastria mineral. Atualmente dedicado \u00e0 gest\u00e3o do portf\u00f3lio de recursos, reservas e direitos miner\u00e1rios da Vale SA. Mestre pela UFMG e MBA em Gest\u00e3o de Projetos (FGV). Profissional qualificado pela CBRR e SME, para explora\u00e7\u00e3o e recursos minerais de min\u00e9rio de ferro e minerais refrat\u00e1rios.<\/div><\/div><\/div>\t\t\t\t<\/div>\n\t\t\t\t<\/div>\n\t\t<div class=\"elementor-element elementor-element-66b2c73 e-con-full e-flex e-con e-child\" data-id=\"66b2c73\" data-element_type=\"container\" data-e-type=\"container\">\n\t\t\t\t<\/div>\n\t\t\t\t<\/div>\n\t\t\t\t\t<\/div>\n\t\t\t\t<\/div>\n\t\t\t\t<\/div>\n\t\t<\/div><\/div><\/div>\t\t\t\t<\/div>\n\t\t\t\t\t<\/div>\n\t\t\t\t<\/div>\n\t\t\t\t<\/div>\n\t\t","protected":false},"excerpt":{"rendered":"","protected":false},"author":2,"featured_media":0,"parent":0,"menu_order":0,"comment_status":"closed","ping_status":"closed","template":"","meta":{"footnotes":""},"class_list":["post-4969","page","type-page","status-publish","hentry"],"_links":{"self":[{"href":"https:\/\/cbrr.org.br\/en\/wp-json\/wp\/v2\/pages\/4969","targetHints":{"allow":["GET"]}}],"collection":[{"href":"https:\/\/cbrr.org.br\/en\/wp-json\/wp\/v2\/pages"}],"about":[{"href":"https:\/\/cbrr.org.br\/en\/wp-json\/wp\/v2\/types\/page"}],"author":[{"embeddable":true,"href":"https:\/\/cbrr.org.br\/en\/wp-json\/wp\/v2\/users\/2"}],"replies":[{"embeddable":true,"href":"https:\/\/cbrr.org.br\/en\/wp-json\/wp\/v2\/comments?post=4969"}],"version-history":[{"count":16,"href":"https:\/\/cbrr.org.br\/en\/wp-json\/wp\/v2\/pages\/4969\/revisions"}],"predecessor-version":[{"id":5018,"href":"https:\/\/cbrr.org.br\/en\/wp-json\/wp\/v2\/pages\/4969\/revisions\/5018"}],"wp:attachment":[{"href":"https:\/\/cbrr.org.br\/en\/wp-json\/wp\/v2\/media?parent=4969"}],"curies":[{"name":"wp","href":"https:\/\/api.w.org\/{rel}","templated":true}]}}