{"id":727,"date":"2025-09-26T14:32:37","date_gmt":"2025-09-26T17:32:37","guid":{"rendered":"https:\/\/cbrr.org.br\/?page_id=727"},"modified":"2026-03-30T14:51:18","modified_gmt":"2026-03-30T17:51:18","slug":"denuncias","status":"publish","type":"page","link":"https:\/\/cbrr.org.br\/en\/denuncias\/","title":{"rendered":"Den\u00fancias"},"content":{"rendered":"\t\t<div data-elementor-type=\"wp-page\" data-elementor-id=\"727\" class=\"elementor elementor-727\" data-elementor-post-type=\"page\">\n\t\t\t\t<div class=\"elementor-element elementor-element-7f4d863 e-con-full e-flex e-con e-parent\" data-id=\"7f4d863\" data-element_type=\"container\" data-e-type=\"container\" data-settings=\"{&quot;background_background&quot;:&quot;classic&quot;}\">\n\t\t\t\t<div class=\"elementor-element elementor-element-13022f39 elementor-absolute elementor-hidden-tablet elementor-hidden-mobile elementor-widget elementor-widget-image\" data-id=\"13022f39\" data-element_type=\"widget\" data-e-type=\"widget\" data-settings=\"{&quot;_position&quot;:&quot;absolute&quot;}\" data-widget_type=\"image.default\">\n\t\t\t\t\t\t\t\t\t\t\t\t\t\t\t<img decoding=\"async\" width=\"132\" height=\"278\" src=\"https:\/\/cbrr.org.br\/wp-content\/uploads\/2025\/09\/pecaFlutuanteAmarela4Dot.png\" class=\"attachment-large size-large wp-image-288\" alt=\"\" \/>\t\t\t\t\t\t\t\t\t\t\t\t\t\t\t<\/div>\n\t\t\t\t<\/div>\n\t\t<div class=\"elementor-element elementor-element-58bde24 e-flex e-con-boxed e-con e-parent\" data-id=\"58bde24\" data-element_type=\"container\" data-e-type=\"container\">\n\t\t\t\t\t<div class=\"e-con-inner\">\n\t\t<div class=\"elementor-element elementor-element-d6db1c9 e-con-full e-flex e-con e-child\" data-id=\"d6db1c9\" data-element_type=\"container\" data-e-type=\"container\">\n\t\t<div class=\"elementor-element elementor-element-f788f0f e-con-full e-flex e-con e-child\" data-id=\"f788f0f\" data-element_type=\"container\" data-e-type=\"container\">\n\t\t<div class=\"elementor-element elementor-element-62c3648 e-con-full e-flex e-con e-child\" data-id=\"62c3648\" data-element_type=\"container\" data-e-type=\"container\">\n\t\t\t\t<\/div>\n\t\t\t\t<\/div>\n\t\t\t\t<\/div>\n\t\t\t\t\t<\/div>\n\t\t\t\t<\/div>\n\t\t<div class=\"elementor-element elementor-element-83ab683 e-flex e-con-boxed e-con e-parent\" data-id=\"83ab683\" data-element_type=\"container\" data-e-type=\"container\">\n\t\t\t\t\t<div class=\"e-con-inner\">\n\t\t\t\t<div class=\"elementor-element elementor-element-9379534 elementor-widget elementor-widget-text-editor\" data-id=\"9379534\" data-element_type=\"widget\" data-e-type=\"widget\" data-widget_type=\"text-editor.default\">\n\t\t\t\t\t\t\t\t\t<p>O Canal de Den\u00fancias \u00e9 o principal meio de comunica\u00e7\u00e3o para quem deseja reportar infra\u00e7\u00e3o ao\u00a0<a href=\"https:\/\/www.cbrr.org.br\/docs\/codigo_etica.pdf\" target=\"_blank\" rel=\"noreferrer noopener\" aria-label=\"C\u00f3digo de \u00c9tica (abre em nova aba)\">C\u00f3digo de \u00c9tica<\/a>\u00a0da CBRR. \u00a0<\/p><p>Todas as den\u00fancias ser\u00e3o encaminhadas para abertura de Processo Administrativo Disciplinar (PAD) sobre a suposta infra\u00e7\u00e3o ao\u00a0Estatuto da CBRR ou seu C\u00f3digo de \u00c9tica, a partir de provas\u00a0da infra\u00e7\u00e3o alegada, fortes ind\u00edcios de pr\u00e1tica indevida,\u00a0fatos not\u00f3rios de infra\u00e7\u00e3o cometida por representantes dos\u00a0Associados, como not\u00edcias de jornais, informes de bolsas de valores, publica\u00e7\u00f5es no Di\u00e1rio\u00a0Oficial, dentre outras.<\/p><p>O PAD ser\u00e1 analisado de forma\u00a0sigilosa e apenas as partes interessadas, o Comit\u00ea de\u00a0\u00c9tica e o Conselho Diretor ter\u00e3o\u00a0acesso aos autos.\u00a0<\/p><p>A \u00a0CBRR n\u00e3o tolera retalia\u00e7\u00e3o com quem relata uma preocupa\u00e7\u00e3o de boa f\u00e9 e todas as viola\u00e7\u00f5es relatadas no Canal de Den\u00fancias ter\u00e3o \u00a0 encaminhamento adequado de cada situa\u00e7\u00e3o, ser\u00e3o tratados de forma confidencial e analisadas pelo Comit\u00ea de \u00c9tica.<\/p><p>A veracidade das informa\u00e7\u00f5es relatadas ser\u00e1 verificada durante o processo de apura\u00e7\u00e3o e as a\u00e7\u00f5es decorrentes ser\u00e3o tomadas a crit\u00e9rio exclusivo da CBRR.\u00a0<\/p>\t\t\t\t\t\t\t\t<\/div>\n\t\t<div class=\"elementor-element elementor-element-fad8b9c e-con-full e-flex e-con e-child\" data-id=\"fad8b9c\" data-element_type=\"container\" data-e-type=\"container\" data-settings=\"{&quot;background_background&quot;:&quot;classic&quot;}\">\n\t\t\t\t<div class=\"elementor-element elementor-element-552169d elementor-widget elementor-widget-jet-engine-booking-form\" data-id=\"552169d\" data-element_type=\"widget\" data-e-type=\"widget\" data-widget_type=\"jet-engine-booking-form.default\">\n\t\t\t\t<div class=\"elementor-widget-container\">\n\t\t\t\t\t<form  class=\"jet-form layout-column submit-type-reload\" action=\"\/en\/wp-json\/wp\/v2\/pages\/727?jet_engine_action=book&#038;nocache=1778258026\" method=\"POST\" data-form-id=\"4247\"><input class=\"jet-form__field hidden-field\" type=\"hidden\" name=\"_jet_engine_booking_form_id\" value=\"4247\" data-field-name=\"_jet_engine_booking_form_id\"><input class=\"jet-form__field hidden-field\" type=\"hidden\" name=\"_jet_engine_refer\" value=\"https:\/\/cbrr.org.br\/en\/wp-json\/wp\/v2\/pages\/727\" data-field-name=\"_jet_engine_refer\"><div  class=\"jet-form-row jet-form-row--first-visible\"><div class=\"jet-form-col jet-form-col-12  field-type-text  jet-form-field-container\" data-field=\"_nome\" data-conditional=\"false\"><div class=\"jet-form__label\">\n\t<span class=\"jet-form__label-text\" >Nome<span class=\"jet-form__required\">*<\/span><\/span>\n\t<\/div><input class=\"jet-form__field text-field \" placeholder=\"Seu nome\" value=\"\" required=\"required\" name=\"_nome\" id=\"_nome\" type=\"text\" data-field-name=\"_nome\"><\/div><\/div><div  class=\"jet-form-row\"><div class=\"jet-form-col jet-form-col-12  field-type-text  jet-form-field-container\" data-field=\"_telefone\" data-conditional=\"false\"><div class=\"jet-form__label\">\n\t<span class=\"jet-form__label-text\" >Telefone<span class=\"jet-form__required\">*<\/span><\/span>\n\t<\/div><input class=\"jet-form__field text-field \" placeholder=\"DDD + Telefone \/ Celular\" value=\"\" required=\"required\" name=\"_telefone\" id=\"_telefone\" type=\"text\" data-field-name=\"_telefone\"><\/div><\/div><div  class=\"jet-form-row\"><div class=\"jet-form-col jet-form-col-12  field-type-text  jet-form-field-container\" data-field=\"_email\" data-conditional=\"false\"><div class=\"jet-form__label\">\n\t<span class=\"jet-form__label-text\" >E-mail<span class=\"jet-form__required\">*<\/span><\/span>\n\t<\/div><input class=\"jet-form__field text-field \" placeholder=\"E-mail\" value=\"\" required=\"required\" name=\"_email\" id=\"_email\" type=\"text\" data-field-name=\"_email\"><\/div><\/div><div  class=\"jet-form-row\"><div class=\"jet-form-col jet-form-col-12  field-type-textarea  jet-form-field-container\" data-field=\"_denuncia\" data-conditional=\"false\"><div class=\"jet-form__label\">\n\t<span class=\"jet-form__label-text\" >Den\u00fancia<span class=\"jet-form__required\">*<\/span><\/span>\n\t<\/div><textarea class=\"jet-form__field textarea-field\" placeholder=\"Descreva a den\u00fancia\" required=\"required\" name=\"_denuncia\" data-field-name=\"_denuncia\" id=\"_denuncia\"><\/textarea><\/div><\/div><div  class=\"jet-form-row jet-form-row--hidden\"><div class=\"jet-form-col jet-form-col-12  field-type-hidden  jet-form-field-container\" data-field=\"_status\" data-conditional=\"false\"><input class=\"jet-form__field hidden-field\" type=\"hidden\" name=\"_status\" value=\"Pendente\" data-field-name=\"_status\"><\/div><\/div><div  class=\"jet-form-row jet-form-row--submit\"><div class=\"jet-form-col jet-form-col-12  field-type-submit  jet-form-field-container\" data-field=\"Submit\" data-conditional=\"false\"><div class=\"jet-form__submit-wrap\">\n\t\t<button class=\"jet-form__submit submit-type-reload\" type=\"submit\">Enviar<\/button>\n<\/div><\/div><\/div><input class=\"jet-form__field hidden-field\" type=\"hidden\" name=\"_jet_engine_nonce\" value=\"7a3a782f2b\" data-field-name=\"_jet_engine_nonce\"><\/form>\t\t\t\t<\/div>\n\t\t\t\t<\/div>\n\t\t\t\t<div class=\"elementor-element elementor-element-76f7349 elementor-widget elementor-widget-html\" data-id=\"76f7349\" data-element_type=\"widget\" data-e-type=\"widget\" data-widget_type=\"html.default\">\n\t\t\t\t\t<script src=\"https:\/\/cdnjs.cloudflare.com\/ajax\/libs\/jquery.mask\/1.14.16\/jquery.mask.min.js\"><\/script>\r\n<script>\r\njQuery(document).ready(function($){\r\n  $('input[name=\"_telefone\"]').mask('(00) 0000-00009');\r\n});\r\n<\/script>\r\n\t\t\t\t<\/div>\n\t\t\t\t<div class=\"elementor-element elementor-element-435f7ad elementor-widget elementor-widget-text-editor\" data-id=\"435f7ad\" data-element_type=\"widget\" data-e-type=\"widget\" data-widget_type=\"text-editor.default\">\n\t\t\t\t\t\t\t\t\t<p>Ao clicar em \u2018Enviar\u2019, voc\u00ea declara estar ciente e de acordo com os termos acima, assumindo a responsabilidade pela veracidade das informa\u00e7\u00f5es prestadas, que ser\u00e3o analisadas pela CBRR conforme a legisla\u00e7\u00e3o aplic\u00e1vel.<\/p>\t\t\t\t\t\t\t\t<\/div>\n\t\t\t\t<\/div>\n\t\t\t\t\t<\/div>\n\t\t\t\t<\/div>\n\t\t<div class=\"elementor-element elementor-element-44bf7a0 e-con-full elementor-hidden-tablet elementor-hidden-mobile e-flex e-con e-parent\" data-id=\"44bf7a0\" data-element_type=\"container\" data-e-type=\"container\">\n\t\t\t\t<div class=\"elementor-element elementor-element-90a926e elementor-absolute elementor-widget elementor-widget-image\" data-id=\"90a926e\" data-element_type=\"widget\" data-e-type=\"widget\" data-settings=\"{&quot;_position&quot;:&quot;absolute&quot;}\" data-widget_type=\"image.default\">\n\t\t\t\t\t\t\t\t\t\t\t\t\t\t\t<img decoding=\"async\" width=\"120\" height=\"310\" src=\"https:\/\/cbrr.org.br\/wp-content\/uploads\/2025\/09\/pontos-verdesdireito3Dot.png\" class=\"attachment-large size-large wp-image-312\" alt=\"\" srcset=\"https:\/\/cbrr.org.br\/wp-content\/uploads\/2025\/09\/pontos-verdesdireito3Dot.png 120w, https:\/\/cbrr.org.br\/wp-content\/uploads\/2025\/09\/pontos-verdesdireito3Dot-116x300.png 116w\" sizes=\"(max-width: 120px) 100vw, 120px\" \/>\t\t\t\t\t\t\t\t\t\t\t\t\t\t\t<\/div>\n\t\t\t\t<\/div>\n\t\t\t\t<\/div>\n\t\t","protected":false},"excerpt":{"rendered":"<p>O Canal de Den\u00fancias \u00e9 o principal meio de comunica\u00e7\u00e3o para quem deseja reportar infra\u00e7\u00e3o ao\u00a0C\u00f3digo de \u00c9tica\u00a0da CBRR. \u00a0 Todas as den\u00fancias ser\u00e3o encaminhadas para abertura de Processo Administrativo Disciplinar (PAD) sobre a suposta infra\u00e7\u00e3o ao\u00a0Estatuto da CBRR ou seu C\u00f3digo de \u00c9tica, a partir de provas\u00a0da infra\u00e7\u00e3o alegada, fortes ind\u00edcios de pr\u00e1tica indevida,\u00a0fatos [&hellip;]<\/p>\n","protected":false},"author":1,"featured_media":0,"parent":0,"menu_order":0,"comment_status":"closed","ping_status":"closed","template":"","meta":{"footnotes":""},"class_list":["post-727","page","type-page","status-publish","hentry"],"_links":{"self":[{"href":"https:\/\/cbrr.org.br\/en\/wp-json\/wp\/v2\/pages\/727","targetHints":{"allow":["GET"]}}],"collection":[{"href":"https:\/\/cbrr.org.br\/en\/wp-json\/wp\/v2\/pages"}],"about":[{"href":"https:\/\/cbrr.org.br\/en\/wp-json\/wp\/v2\/types\/page"}],"author":[{"embeddable":true,"href":"https:\/\/cbrr.org.br\/en\/wp-json\/wp\/v2\/users\/1"}],"replies":[{"embeddable":true,"href":"https:\/\/cbrr.org.br\/en\/wp-json\/wp\/v2\/comments?post=727"}],"version-history":[{"count":89,"href":"https:\/\/cbrr.org.br\/en\/wp-json\/wp\/v2\/pages\/727\/revisions"}],"predecessor-version":[{"id":4956,"href":"https:\/\/cbrr.org.br\/en\/wp-json\/wp\/v2\/pages\/727\/revisions\/4956"}],"wp:attachment":[{"href":"https:\/\/cbrr.org.br\/en\/wp-json\/wp\/v2\/media?parent=727"}],"curies":[{"name":"wp","href":"https:\/\/api.w.org\/{rel}","templated":true}]}}